{"id":2,"date":"2022-07-24T09:29:37","date_gmt":"2022-07-24T09:29:37","guid":{"rendered":"https:\/\/blog.rogoblen.ro\/?page_id=2"},"modified":"2022-08-22T15:19:00","modified_gmt":"2022-08-22T12:19:00","slug":"sample-page","status":"publish","type":"page","link":"https:\/\/blog.rogoblen.ro\/index.php\/sample-page\/","title":{"rendered":"Despre mine"},"content":{"rendered":"\r\n<p>C\u00e2\u021bi ani am? \u0218apte ani de acas\u0103, c\u0103ci restul sunt anotimpuri.<\/p>\r\n<p>Sunt Monica. V\u00e2rsta nu are importan\u021b\u0103 ca este doar un num\u0103r si nu are relevan\u021b\u0103.<br \/>Relevant este doar ceea ce ne define\u0219te. Pe mine m\u0103 define\u0219te pasiunea pentru goblen.<br \/>Ce este goblenul? Pe o p\u00e2nz\u0103 pictez cu acul (c\u0103ruia ii ata\u0219ez a\u021be in varii culori) picuri de frumos.<br \/>De ce goblen? Pentru c\u0103 este un dar pentru o via\u021ba, cadoul pe care mi-l fac mai \u00eent\u00e2i mie si apoi celor dragi mie.<\/p>\r\n","protected":false},"excerpt":{"rendered":"<p>C\u00e2\u021bi ani am? \u0218apte ani de acas\u0103, c\u0103ci restul sunt anotimpuri. Sunt Monica. V\u00e2rsta nu are importan\u021b\u0103 ca este doar un num\u0103r si nu are relevan\u021b\u0103.Relevant este doar ceea ce ne define\u0219te. Pe mine m\u0103 define\u0219te pasiunea pentru goblen.Ce este &hellip; <a href=\"https:\/\/blog.rogoblen.ro\/index.php\/sample-page\/\">Continu\u0103 s\u0103 cite\u0219ti <span class=\"meta-nav\">&rarr;<\/span><\/a><\/p>\n","protected":false},"author":1,"featured_media":66,"parent":0,"menu_order":0,"comment_status":"closed","ping_status":"open","template":"","meta":{"footnotes":""},"class_list":["post-2","page","type-page","status-publish","has-post-thumbnail","hentry"],"_links":{"self":[{"href":"https:\/\/blog.rogoblen.ro\/index.php\/wp-json\/wp\/v2\/pages\/2","targetHints":{"allow":["GET"]}}],"collection":[{"href":"https:\/\/blog.rogoblen.ro\/index.php\/wp-json\/wp\/v2\/pages"}],"about":[{"href":"https:\/\/blog.rogoblen.ro\/index.php\/wp-json\/wp\/v2\/types\/page"}],"author":[{"embeddable":true,"href":"https:\/\/blog.rogoblen.ro\/index.php\/wp-json\/wp\/v2\/users\/1"}],"replies":[{"embeddable":true,"href":"https:\/\/blog.rogoblen.ro\/index.php\/wp-json\/wp\/v2\/comments?post=2"}],"version-history":[{"count":5,"href":"https:\/\/blog.rogoblen.ro\/index.php\/wp-json\/wp\/v2\/pages\/2\/revisions"}],"predecessor-version":[{"id":97,"href":"https:\/\/blog.rogoblen.ro\/index.php\/wp-json\/wp\/v2\/pages\/2\/revisions\/97"}],"wp:featuredmedia":[{"embeddable":true,"href":"https:\/\/blog.rogoblen.ro\/index.php\/wp-json\/wp\/v2\/media\/66"}],"wp:attachment":[{"href":"https:\/\/blog.rogoblen.ro\/index.php\/wp-json\/wp\/v2\/media?parent=2"}],"curies":[{"name":"wp","href":"https:\/\/api.w.org\/{rel}","templated":true}]}}