{"id":693,"date":"2022-11-10T16:45:25","date_gmt":"2022-11-10T14:45:25","guid":{"rendered":"https:\/\/blog.rogoblen.ro\/?page_id=693"},"modified":"2022-11-10T16:45:25","modified_gmt":"2022-11-10T14:45:25","slug":"moara-vara-cod-produs-0-48","status":"publish","type":"page","link":"https:\/\/blog.rogoblen.ro\/index.php\/moara-vara-cod-produs-0-48\/","title":{"rendered":"Moar\u0103, vara &#8211; Cod produs: 0.48"},"content":{"rendered":"<div id=\"attachment_694\" style=\"width: 650px\" class=\"wp-caption aligncenter\"><a href=\"https:\/\/www.rogoblen.ro\/detalii\/moara-vara--45\/\"><img loading=\"lazy\" decoding=\"async\" aria-describedby=\"caption-attachment-694\" class=\"size-large wp-image-694\" src=\"https:\/\/blog.rogoblen.ro\/wp-content\/uploads\/2022\/11\/0.48-1024x934.jpg\" alt=\"Moara, vara -Cod produs: 0.48\" width=\"640\" height=\"584\" srcset=\"https:\/\/blog.rogoblen.ro\/wp-content\/uploads\/2022\/11\/0.48-1024x934.jpg 1024w, https:\/\/blog.rogoblen.ro\/wp-content\/uploads\/2022\/11\/0.48-300x274.jpg 300w, https:\/\/blog.rogoblen.ro\/wp-content\/uploads\/2022\/11\/0.48-768x701.jpg 768w, https:\/\/blog.rogoblen.ro\/wp-content\/uploads\/2022\/11\/0.48-1536x1401.jpg 1536w, https:\/\/blog.rogoblen.ro\/wp-content\/uploads\/2022\/11\/0.48-2048x1868.jpg 2048w\" sizes=\"auto, (max-width: 640px) 100vw, 640px\" \/><\/a><p id=\"caption-attachment-694\" class=\"wp-caption-text\">Moar\u0103, vara &#8211; Cod produs: 0.48<\/p><\/div>\n<p>O moar\u0103 delicat\u0103 \u0219i micu\u021b\u0103 ca o c\u0103su\u021b\u0103 de p\u0103pu\u0219i, acoperit\u0103 cu \u021bigl\u0103 ro\u0219ie este personajul central al acestui minuscul tablou (12 x 12 cm) \u00een care \u00eencap at\u00e2tea alte informa\u021bii. Enum\u0103r aici \u0219i dou\u0103 personaje umane, &#8211; o femeie ce pare ca urmeaz\u0103 s\u0103 spele rufele la r\u00e2u, iar peste r\u00e2u un b\u0103rbat car\u0103 sacii din c\u0103ru\u021b\u0103. Vegeta\u021bia arat\u0103 minunat \u00een aceast\u0103 zi senin\u0103 de var\u0103.<br \/>\nC\u00e2nd privesc acest goblen, m\u0103 g\u00e2ndesc ca nu mi-ar fi greu sa traversez puntea pentru a ajunge la moar\u0103.<\/p>\n","protected":false},"excerpt":{"rendered":"<p>O moar\u0103 delicat\u0103 \u0219i micu\u021b\u0103 ca o c\u0103su\u021b\u0103 de p\u0103pu\u0219i, acoperit\u0103 cu \u021bigl\u0103 ro\u0219ie este personajul central al acestui minuscul tablou (12 x 12 cm) \u00een care \u00eencap at\u00e2tea alte informa\u021bii. Enum\u0103r aici \u0219i dou\u0103 personaje umane, &#8211; o femeie &hellip; <a href=\"https:\/\/blog.rogoblen.ro\/index.php\/moara-vara-cod-produs-0-48\/\">Continu\u0103 s\u0103 cite\u0219ti <span class=\"meta-nav\">&rarr;<\/span><\/a><\/p>\n","protected":false},"author":1,"featured_media":0,"parent":0,"menu_order":0,"comment_status":"closed","ping_status":"closed","template":"","meta":{"footnotes":""},"class_list":["post-693","page","type-page","status-publish","hentry"],"_links":{"self":[{"href":"https:\/\/blog.rogoblen.ro\/index.php\/wp-json\/wp\/v2\/pages\/693","targetHints":{"allow":["GET"]}}],"collection":[{"href":"https:\/\/blog.rogoblen.ro\/index.php\/wp-json\/wp\/v2\/pages"}],"about":[{"href":"https:\/\/blog.rogoblen.ro\/index.php\/wp-json\/wp\/v2\/types\/page"}],"author":[{"embeddable":true,"href":"https:\/\/blog.rogoblen.ro\/index.php\/wp-json\/wp\/v2\/users\/1"}],"replies":[{"embeddable":true,"href":"https:\/\/blog.rogoblen.ro\/index.php\/wp-json\/wp\/v2\/comments?post=693"}],"version-history":[{"count":1,"href":"https:\/\/blog.rogoblen.ro\/index.php\/wp-json\/wp\/v2\/pages\/693\/revisions"}],"predecessor-version":[{"id":695,"href":"https:\/\/blog.rogoblen.ro\/index.php\/wp-json\/wp\/v2\/pages\/693\/revisions\/695"}],"wp:attachment":[{"href":"https:\/\/blog.rogoblen.ro\/index.php\/wp-json\/wp\/v2\/media?parent=693"}],"curies":[{"name":"wp","href":"https:\/\/api.w.org\/{rel}","templated":true}]}}